{"id":5380,"date":"2021-03-18T09:59:29","date_gmt":"2021-03-18T09:59:29","guid":{"rendered":"https:\/\/dreftcare.com\/a-propos-de-dreft\/"},"modified":"2025-03-26T11:05:17","modified_gmt":"2025-03-26T11:05:17","slug":"a-propos-de-dreft","status":"publish","type":"page","link":"https:\/\/dreftcare.com\/fr-be\/a-propos-de-dreft\/","title":{"rendered":"\u00c0 propos de Dreft"},"content":{"rendered":"\t\t<div data-elementor-type=\"wp-page\" data-elementor-id=\"5380\" class=\"elementor elementor-5380 elementor-568\" data-elementor-post-type=\"page\">\n\t\t\t\t<div class=\"elementor-element elementor-element-57318b8 e-flex e-con-boxed e-con e-parent\" data-id=\"57318b8\" data-element_type=\"container\" data-e-type=\"container\" data-settings=\"{&quot;background_background&quot;:&quot;classic&quot;}\">\n\t\t\t\t\t<div class=\"e-con-inner\">\n\t\t<div class=\"elementor-element elementor-element-0b73502 e-con-full e-flex e-con e-child\" data-id=\"0b73502\" data-element_type=\"container\" data-e-type=\"container\">\n\t\t\t\t<div class=\"elementor-element elementor-element-84ec81b elementor-widget elementor-widget-heading\" data-id=\"84ec81b\" data-element_type=\"widget\" data-e-type=\"widget\" data-widget_type=\"heading.default\">\n\t\t\t\t<div class=\"elementor-widget-container\">\n\t\t\t\t\t<h1 class=\"elementor-heading-title elementor-size-default\">\u00c0 propos de Dreft<\/h1>\t\t\t\t<\/div>\n\t\t\t\t<\/div>\n\t\t\t\t<\/div>\n\t\t\t\t\t<\/div>\n\t\t\t\t<\/div>\n\t\t<div class=\"elementor-element elementor-element-f2bacd1 e-flex e-con-boxed e-con e-parent\" data-id=\"f2bacd1\" data-element_type=\"container\" data-e-type=\"container\" data-settings=\"{&quot;shape_divider_top&quot;:&quot;curve&quot;}\">\n\t\t\t\t\t<div class=\"e-con-inner\">\n\t\t\t\t<div class=\"elementor-shape elementor-shape-top\" aria-hidden=\"true\" data-negative=\"false\">\n\t\t\t<svg xmlns=\"http:\/\/www.w3.org\/2000\/svg\" viewBox=\"0 0 1000 100\" preserveAspectRatio=\"none\">\n    <path class=\"elementor-shape-fill\" d=\"M1000,4.3V0H0v4.3C0.9,23.1,126.7,99.2,500,100S1000,22.7,1000,4.3z\"\/>\n<\/svg>\t\t<\/div>\n\t\t<div class=\"elementor-element elementor-element-3f3e2b4 e-con-full e-flex e-con e-child\" data-id=\"3f3e2b4\" data-element_type=\"container\" data-e-type=\"container\" data-settings=\"{&quot;background_background&quot;:&quot;classic&quot;}\">\n\t\t\t\t<div class=\"elementor-element elementor-element-79a5350 elementor-widget elementor-widget-heading\" data-id=\"79a5350\" data-element_type=\"widget\" data-e-type=\"widget\" data-widget_type=\"heading.default\">\n\t\t\t\t<div class=\"elementor-widget-container\">\n\t\t\t\t\t<h2 class=\"elementor-heading-title elementor-size-default\">Dreft s\u2019occupe de vos v\u00eatements,<br>donc vous exprimez votre style en toute confiance<\/h2>\t\t\t\t<\/div>\n\t\t\t\t<\/div>\n\t\t\t\t<div class=\"elementor-element elementor-element-6f2cbfa elementor-widget elementor-widget-text-editor\" data-id=\"6f2cbfa\" data-element_type=\"widget\" data-e-type=\"widget\" data-widget_type=\"text-editor.default\">\n\t\t\t\t<div class=\"elementor-widget-container\">\n\t\t\t\t\t\t\t\t\t<p>Au sein de Dreft, nous nous engageons \u00e0 garder la plus haute qualit\u00e9 pour vos v\u00eatements du premier au dernier jour.<\/p><p><strong>Voulez-vous savoir comment?<\/strong><\/p>\t\t\t\t\t\t\t\t<\/div>\n\t\t\t\t<\/div>\n\t\t\t\t<\/div>\n\t\t\t\t\t<\/div>\n\t\t\t\t<\/div>\n\t\t<div class=\"elementor-element elementor-element-9c46d45 e-flex e-con-boxed e-con e-parent\" data-id=\"9c46d45\" data-element_type=\"container\" data-e-type=\"container\">\n\t\t\t\t\t<div class=\"e-con-inner\">\n\t\t<div class=\"elementor-element elementor-element-3f91289 e-con-full e-flex e-con e-child\" data-id=\"3f91289\" data-element_type=\"container\" data-e-type=\"container\">\n\t\t\t\t<div class=\"elementor-element elementor-element-40c583c elementor-widget elementor-widget-image\" data-id=\"40c583c\" data-element_type=\"widget\" data-e-type=\"widget\" data-widget_type=\"image.default\">\n\t\t\t\t<div class=\"elementor-widget-container\">\n\t\t\t\t\t\t\t\t\t\t\t\t\t\t\t<img fetchpriority=\"high\" decoding=\"async\" width=\"536\" height=\"412\" src=\"https:\/\/dreftcare.com\/wp-content\/uploads\/2021\/03\/about_us_1.png\" class=\"attachment-large size-large wp-image-4868\" alt=\"\" srcset=\"https:\/\/dreftcare.com\/wp-content\/uploads\/2021\/03\/about_us_1.png 536w, https:\/\/dreftcare.com\/wp-content\/uploads\/2021\/03\/about_us_1-300x231.png 300w\" sizes=\"(max-width: 536px) 100vw, 536px\" \/>\t\t\t\t\t\t\t\t\t\t\t\t\t\t\t<\/div>\n\t\t\t\t<\/div>\n\t\t\t\t<\/div>\n\t\t<div class=\"elementor-element elementor-element-64eb563 e-con-full e-flex e-con e-child\" data-id=\"64eb563\" data-element_type=\"container\" data-e-type=\"container\">\n\t\t\t\t<div class=\"elementor-element elementor-element-45013ec elementor-widget elementor-widget-heading\" data-id=\"45013ec\" data-element_type=\"widget\" data-e-type=\"widget\" data-widget_type=\"heading.default\">\n\t\t\t\t<div class=\"elementor-widget-container\">\n\t\t\t\t\t<h3 class=\"elementor-heading-title elementor-size-default\">Dreft, des ann\u00e9es et des ann\u00e9es \u00e0 obtenir les meilleurs soins.<\/h3>\t\t\t\t<\/div>\n\t\t\t\t<\/div>\n\t\t\t\t<div class=\"elementor-element elementor-element-1f35a07 elementor-widget elementor-widget-text-editor\" data-id=\"1f35a07\" data-element_type=\"widget\" data-e-type=\"widget\" data-widget_type=\"text-editor.default\">\n\t\t\t\t<div class=\"elementor-widget-container\">\n\t\t\t\t\t\t\t\t\t<p><strong>Depuis 1948<\/strong>, nous avons toujours travaill\u00e9 dur pour prendre soin de vos v\u00eatements comme personne d\u2019autre, afin que vos v\u00eatements <strong>et tous vos v\u00eatements aient l\u2019air neufs comme au premier jour.<\/strong><\/p><p><strong>C\u2019est la raison pour laquelle nous avons \u00e9t\u00e9 cr\u00e9\u00e9s.<\/strong> Mais nous n\u2019avons pas seulement acquis de l\u2019exp\u00e9rience, au sein de Dreft nous continuons \u00e0 travailler et \u00e0 innover chaque jour pour vous offrir les meilleures solutions et une protection sup\u00e9rieure \u00e0 vos v\u00eatements.<\/p>\t\t\t\t\t\t\t\t<\/div>\n\t\t\t\t<\/div>\n\t\t\t\t<\/div>\n\t\t\t\t\t<\/div>\n\t\t\t\t<\/div>\n\t\t<div class=\"elementor-element elementor-element-cf93567 e-flex e-con-boxed e-con e-parent\" data-id=\"cf93567\" data-element_type=\"container\" data-e-type=\"container\" data-settings=\"{&quot;shape_divider_bottom&quot;:&quot;curve-asymmetrical&quot;,&quot;shape_divider_bottom_negative&quot;:&quot;yes&quot;,&quot;background_background&quot;:&quot;classic&quot;}\">\n\t\t\t\t\t<div class=\"e-con-inner\">\n\t\t\t\t<div class=\"elementor-shape elementor-shape-bottom\" aria-hidden=\"true\" data-negative=\"true\">\n\t\t\t<svg xmlns=\"http:\/\/www.w3.org\/2000\/svg\" viewBox=\"0 0 1000 100\" preserveAspectRatio=\"none\">\n\t<path class=\"elementor-shape-fill\" d=\"M615.2,96.7C240.2,97.8,0,18.9,0,0v100h1000V0C1000,19.2,989.8,96,615.2,96.7z\"\/>\n<\/svg>\t\t<\/div>\n\t\t<div class=\"elementor-element elementor-element-0fb42d0 e-con-full e-flex e-con e-child\" data-id=\"0fb42d0\" data-element_type=\"container\" data-e-type=\"container\">\n\t\t\t\t<div class=\"elementor-element elementor-element-db41723 elementor-widget elementor-widget-spacer\" data-id=\"db41723\" data-element_type=\"widget\" data-e-type=\"widget\" data-widget_type=\"spacer.default\">\n\t\t\t\t<div class=\"elementor-widget-container\">\n\t\t\t\t\t\t\t<div class=\"elementor-spacer\">\n\t\t\t<div class=\"elementor-spacer-inner\"><\/div>\n\t\t<\/div>\n\t\t\t\t\t\t<\/div>\n\t\t\t\t<\/div>\n\t\t\t\t<\/div>\n\t\t\t\t\t<\/div>\n\t\t\t\t<\/div>\n\t\t<div class=\"elementor-element elementor-element-38979b2 e-flex e-con-boxed e-con e-parent\" data-id=\"38979b2\" data-element_type=\"container\" data-e-type=\"container\" data-settings=\"{&quot;background_background&quot;:&quot;classic&quot;,&quot;shape_divider_bottom&quot;:&quot;curve-asymmetrical&quot;,&quot;shape_divider_bottom_negative&quot;:&quot;yes&quot;}\">\n\t\t\t\t\t<div class=\"e-con-inner\">\n\t\t\t\t<div class=\"elementor-shape elementor-shape-bottom\" aria-hidden=\"true\" data-negative=\"true\">\n\t\t\t<svg xmlns=\"http:\/\/www.w3.org\/2000\/svg\" viewBox=\"0 0 1000 100\" preserveAspectRatio=\"none\">\n\t<path class=\"elementor-shape-fill\" d=\"M615.2,96.7C240.2,97.8,0,18.9,0,0v100h1000V0C1000,19.2,989.8,96,615.2,96.7z\"\/>\n<\/svg>\t\t<\/div>\n\t\t<div class=\"elementor-element elementor-element-490b34c e-con-full e-flex e-con e-child\" data-id=\"490b34c\" data-element_type=\"container\" data-e-type=\"container\">\n\t\t\t\t<div class=\"elementor-element elementor-element-558ea44 elementor-widget elementor-widget-heading\" data-id=\"558ea44\" data-element_type=\"widget\" data-e-type=\"widget\" data-widget_type=\"heading.default\">\n\t\t\t\t<div class=\"elementor-widget-container\">\n\t\t\t\t\t<h3 class=\"elementor-heading-title elementor-size-default\">Avec Dreft, vos v\u00eatements comme au premier jour<\/h3>\t\t\t\t<\/div>\n\t\t\t\t<\/div>\n\t\t\t\t<div class=\"elementor-element elementor-element-7bbe5ec elementor-widget elementor-widget-text-editor\" data-id=\"7bbe5ec\" data-element_type=\"widget\" data-e-type=\"widget\" data-widget_type=\"text-editor.default\">\n\t\t\t\t<div class=\"elementor-widget-container\">\n\t\t\t\t\t\t\t\t\t<p>Chez Dreft, la douceur et l\u2019\u00e9clat ne sont plus une premi\u00e8re. Nos produits prennent soin de vos v\u00eatements pour <strong>veiller \u00e0 ce qu\u2019ils soient toujours magnifiques,<\/strong> comme si vous portiez une nouvelle tenue tous les jours.<\/p><p>Ils pr\u00e9servent les textures, les tissus et les couleurs les plus pr\u00e9cieux d\u2019un tout nouveau v\u00eatement pour un look toujours parfait.<\/p>\t\t\t\t\t\t\t\t<\/div>\n\t\t\t\t<\/div>\n\t\t\t\t<\/div>\n\t\t<div class=\"elementor-element elementor-element-ae7a750 e-con-full e-flex e-con e-child\" data-id=\"ae7a750\" data-element_type=\"container\" data-e-type=\"container\">\n\t\t\t\t<div class=\"elementor-element elementor-element-a3f016e elementor-widget elementor-widget-image\" data-id=\"a3f016e\" data-element_type=\"widget\" data-e-type=\"widget\" data-widget_type=\"image.default\">\n\t\t\t\t<div class=\"elementor-widget-container\">\n\t\t\t\t\t\t\t\t\t\t\t\t\t\t\t<img decoding=\"async\" width=\"405\" height=\"474\" src=\"https:\/\/dreftcare.com\/wp-content\/uploads\/2021\/03\/about_us_2.png\" class=\"attachment-large size-large wp-image-4871\" alt=\"\" srcset=\"https:\/\/dreftcare.com\/wp-content\/uploads\/2021\/03\/about_us_2.png 405w, https:\/\/dreftcare.com\/wp-content\/uploads\/2021\/03\/about_us_2-256x300.png 256w\" sizes=\"(max-width: 405px) 100vw, 405px\" \/>\t\t\t\t\t\t\t\t\t\t\t\t\t\t\t<\/div>\n\t\t\t\t<\/div>\n\t\t\t\t<\/div>\n\t\t\t\t\t<\/div>\n\t\t\t\t<\/div>\n\t\t<div class=\"elementor-element elementor-element-3250b50 e-flex e-con-boxed e-con e-parent\" data-id=\"3250b50\" data-element_type=\"container\" data-e-type=\"container\" data-settings=\"{&quot;shape_divider_bottom&quot;:&quot;curve-asymmetrical&quot;,&quot;background_background&quot;:&quot;classic&quot;,&quot;shape_divider_bottom_negative&quot;:&quot;yes&quot;}\">\n\t\t\t\t\t<div class=\"e-con-inner\">\n\t\t\t\t<div class=\"elementor-shape elementor-shape-bottom\" aria-hidden=\"true\" data-negative=\"true\">\n\t\t\t<svg xmlns=\"http:\/\/www.w3.org\/2000\/svg\" viewBox=\"0 0 1000 100\" preserveAspectRatio=\"none\">\n\t<path class=\"elementor-shape-fill\" d=\"M615.2,96.7C240.2,97.8,0,18.9,0,0v100h1000V0C1000,19.2,989.8,96,615.2,96.7z\"\/>\n<\/svg>\t\t<\/div>\n\t\t<div class=\"elementor-element elementor-element-8e9caf4 e-con-full e-flex e-con e-child\" data-id=\"8e9caf4\" data-element_type=\"container\" data-e-type=\"container\">\n\t\t\t\t<div class=\"elementor-element elementor-element-427f6bf elementor-widget elementor-widget-spacer\" data-id=\"427f6bf\" data-element_type=\"widget\" data-e-type=\"widget\" data-widget_type=\"spacer.default\">\n\t\t\t\t<div class=\"elementor-widget-container\">\n\t\t\t\t\t\t\t<div class=\"elementor-spacer\">\n\t\t\t<div class=\"elementor-spacer-inner\"><\/div>\n\t\t<\/div>\n\t\t\t\t\t\t<\/div>\n\t\t\t\t<\/div>\n\t\t\t\t<\/div>\n\t\t\t\t\t<\/div>\n\t\t\t\t<\/div>\n\t\t<div class=\"elementor-element elementor-element-99da12a e-flex e-con-boxed e-con e-parent\" data-id=\"99da12a\" data-element_type=\"container\" data-e-type=\"container\">\n\t\t\t\t\t<div class=\"e-con-inner\">\n\t\t<div class=\"elementor-element elementor-element-196d218 e-con-full e-flex e-con e-child\" data-id=\"196d218\" data-element_type=\"container\" data-e-type=\"container\" data-settings=\"{&quot;background_background&quot;:&quot;classic&quot;}\">\n\t\t\t\t<div class=\"elementor-element elementor-element-cf22ce9 elementor-widget elementor-widget-heading\" data-id=\"cf22ce9\" data-element_type=\"widget\" data-e-type=\"widget\" data-widget_type=\"heading.default\">\n\t\t\t\t<div class=\"elementor-widget-container\">\n\t\t\t\t\t<h3 class=\"elementor-heading-title elementor-size-default\">Une grande famille de produits pour tous les types de soins<\/h3>\t\t\t\t<\/div>\n\t\t\t\t<\/div>\n\t\t\t\t<div class=\"elementor-element elementor-element-8b78d6b elementor-widget elementor-widget-text-editor\" data-id=\"8b78d6b\" data-element_type=\"widget\" data-e-type=\"widget\" data-widget_type=\"text-editor.default\">\n\t\t\t\t<div class=\"elementor-widget-container\">\n\t\t\t\t\t\t\t\t\t<p>Nous vous proposons <strong>plus de 20 produits<\/strong> avec des solutions diff\u00e9rentes qui s\u2019adaptent \u00e0 tous vos besoins en mati\u00e8re de v\u00eatements, de confort, de sant\u00e9 et de protection de l\u2019environnement.<\/p><p>Vous ne connaissez toujours pas tous nos produits? <strong>Vous pouvez les consulter dans notre section produits.<\/strong><\/p>\t\t\t\t\t\t\t\t<\/div>\n\t\t\t\t<\/div>\n\t\t\t\t<div class=\"elementor-element elementor-element-c69a850 elementor-widget elementor-widget-image\" data-id=\"c69a850\" data-element_type=\"widget\" data-e-type=\"widget\" data-widget_type=\"image.default\">\n\t\t\t\t<div class=\"elementor-widget-container\">\n\t\t\t\t\t\t\t\t\t\t\t\t\t\t\t<img decoding=\"async\" width=\"800\" height=\"577\" src=\"https:\/\/dreftcare.com\/wp-content\/uploads\/2025\/03\/Pagina-A-propos-de-DreftOver-Dreft-BE-3-1.png\" class=\"attachment-large size-large wp-image-6355\" alt=\"\" srcset=\"https:\/\/dreftcare.com\/wp-content\/uploads\/2025\/03\/Pagina-A-propos-de-DreftOver-Dreft-BE-3-1.png 812w, https:\/\/dreftcare.com\/wp-content\/uploads\/2025\/03\/Pagina-A-propos-de-DreftOver-Dreft-BE-3-1-300x217.png 300w, https:\/\/dreftcare.com\/wp-content\/uploads\/2025\/03\/Pagina-A-propos-de-DreftOver-Dreft-BE-3-1-768x554.png 768w\" sizes=\"(max-width: 800px) 100vw, 800px\" \/>\t\t\t\t\t\t\t\t\t\t\t\t\t\t\t<\/div>\n\t\t\t\t<\/div>\n\t\t\t\t<\/div>\n\t\t<div class=\"elementor-element elementor-element-8197579 e-con-full e-flex e-con e-child\" data-id=\"8197579\" data-element_type=\"container\" data-e-type=\"container\" data-settings=\"{&quot;background_background&quot;:&quot;classic&quot;}\">\n\t\t\t\t<div class=\"elementor-element elementor-element-39f908f elementor-widget elementor-widget-heading\" data-id=\"39f908f\" data-element_type=\"widget\" data-e-type=\"widget\" data-widget_type=\"heading.default\">\n\t\t\t\t<div class=\"elementor-widget-container\">\n\t\t\t\t\t<h3 class=\"elementor-heading-title elementor-size-default\">Technologie de haut niveau dans chaque produit<\/h3>\t\t\t\t<\/div>\n\t\t\t\t<\/div>\n\t\t\t\t<div class=\"elementor-element elementor-element-86c6ee7 elementor-widget elementor-widget-text-editor\" data-id=\"86c6ee7\" data-element_type=\"widget\" data-e-type=\"widget\" data-widget_type=\"text-editor.default\">\n\t\t\t\t<div class=\"elementor-widget-container\">\n\t\t\t\t\t\t\t\t\t<p>Nous obtenons les r\u00e9sultats in\u00e9gal\u00e9s de Dreft gr\u00e2ce aux derni\u00e8res innovations. Beaucoup de travail <strong>et d\u2019investissement dans la recherche et les derni\u00e8res technologies<\/strong> nous permettent de d\u00e9velopper des produits et des formules r\u00e9volutionnaires avec des ingr\u00e9dients optimis\u00e9s, naturels et cosm\u00e9tiques qui garantissent une protection maximale et un entretien de tous vos v\u00eatements, jour apr\u00e8s jour.<\/p>\t\t\t\t\t\t\t\t<\/div>\n\t\t\t\t<\/div>\n\t\t\t\t<div class=\"elementor-element elementor-element-6eb8bfa elementor-widget elementor-widget-image\" data-id=\"6eb8bfa\" data-element_type=\"widget\" data-e-type=\"widget\" data-widget_type=\"image.default\">\n\t\t\t\t<div class=\"elementor-widget-container\">\n\t\t\t\t\t\t\t\t\t\t\t\t\t\t\t<img loading=\"lazy\" decoding=\"async\" width=\"800\" height=\"509\" src=\"https:\/\/dreftcare.com\/wp-content\/uploads\/2022\/12\/high-level-technology-in-every-product.png\" class=\"attachment-large size-large wp-image-5171\" alt=\"\" srcset=\"https:\/\/dreftcare.com\/wp-content\/uploads\/2022\/12\/high-level-technology-in-every-product.png 814w, https:\/\/dreftcare.com\/wp-content\/uploads\/2022\/12\/high-level-technology-in-every-product-300x191.png 300w, https:\/\/dreftcare.com\/wp-content\/uploads\/2022\/12\/high-level-technology-in-every-product-768x489.png 768w\" sizes=\"(max-width: 800px) 100vw, 800px\" \/>\t\t\t\t\t\t\t\t\t\t\t\t\t\t\t<\/div>\n\t\t\t\t<\/div>\n\t\t\t\t<\/div>\n\t\t\t\t\t<\/div>\n\t\t\t\t<\/div>\n\t\t<div class=\"elementor-element elementor-element-6d24a70 e-flex e-con-boxed e-con e-parent\" data-id=\"6d24a70\" data-element_type=\"container\" data-e-type=\"container\">\n\t\t\t\t\t<div class=\"e-con-inner\">\n\t\t<div class=\"elementor-element elementor-element-645d56c e-con-full e-flex e-con e-child\" data-id=\"645d56c\" data-element_type=\"container\" data-e-type=\"container\" data-settings=\"{&quot;background_background&quot;:&quot;classic&quot;}\">\n\t\t\t\t<div class=\"elementor-element elementor-element-6f360ac elementor-widget elementor-widget-image\" data-id=\"6f360ac\" data-element_type=\"widget\" data-e-type=\"widget\" data-widget_type=\"image.default\">\n\t\t\t\t<div class=\"elementor-widget-container\">\n\t\t\t\t\t\t\t\t\t\t\t\t\t\t\t<img loading=\"lazy\" decoding=\"async\" width=\"555\" height=\"504\" src=\"https:\/\/dreftcare.com\/wp-content\/uploads\/2021\/06\/dreft-proteje-planeta-1.png\" class=\"attachment-2048x2048 size-2048x2048 wp-image-4973\" alt=\"\" srcset=\"https:\/\/dreftcare.com\/wp-content\/uploads\/2021\/06\/dreft-proteje-planeta-1.png 555w, https:\/\/dreftcare.com\/wp-content\/uploads\/2021\/06\/dreft-proteje-planeta-1-300x272.png 300w\" sizes=\"(max-width: 555px) 100vw, 555px\" \/>\t\t\t\t\t\t\t\t\t\t\t\t\t\t\t<\/div>\n\t\t\t\t<\/div>\n\t\t\t\t<\/div>\n\t\t<div class=\"elementor-element elementor-element-d106c3b e-con-full e-flex e-con e-child\" data-id=\"d106c3b\" data-element_type=\"container\" data-e-type=\"container\" data-settings=\"{&quot;background_background&quot;:&quot;classic&quot;}\">\n\t\t\t\t<div class=\"elementor-element elementor-element-fc617e8 elementor-widget elementor-widget-heading\" data-id=\"fc617e8\" data-element_type=\"widget\" data-e-type=\"widget\" data-widget_type=\"heading.default\">\n\t\t\t\t<div class=\"elementor-widget-container\">\n\t\t\t\t\t<h3 class=\"elementor-heading-title elementor-size-default\">Dreft vous aide \u00e0 prot\u00e9ger notre plan\u00e8te<\/h3>\t\t\t\t<\/div>\n\t\t\t\t<\/div>\n\t\t\t\t<div class=\"elementor-element elementor-element-e97ed98 elementor-widget elementor-widget-text-editor\" data-id=\"e97ed98\" data-element_type=\"widget\" data-e-type=\"widget\" data-widget_type=\"text-editor.default\">\n\t\t\t\t<div class=\"elementor-widget-container\">\n\t\t\t\t\t\t\t\t\t<p><strong>Nous collaborons \u00e9galement \u00e0 la protection de l\u2019environnement.<\/strong> Pour nous, \u00e9cologie et soins vont de pair. C\u2019est pourquoi la combinaison d\u2019ingr\u00e9dients naturels, de parfums biod\u00e9gradables et d\u2019emballages recyclables <strong>nous permet de prendre le plus grand soin de vos v\u00eatements et de la plan\u00e8te.<\/strong><\/p>\t\t\t\t\t\t\t\t<\/div>\n\t\t\t\t<\/div>\n\t\t\t\t<\/div>\n\t\t\t\t\t<\/div>\n\t\t\t\t<\/div>\n\t\t<div class=\"elementor-element elementor-element-002e422 e-flex e-con-boxed e-con e-parent\" data-id=\"002e422\" data-element_type=\"container\" data-e-type=\"container\" data-settings=\"{&quot;shape_divider_bottom&quot;:&quot;waves&quot;}\">\n\t\t\t\t\t<div class=\"e-con-inner\">\n\t\t\t\t<div class=\"elementor-shape elementor-shape-bottom\" aria-hidden=\"true\" data-negative=\"false\">\n\t\t\t<svg xmlns=\"http:\/\/www.w3.org\/2000\/svg\" viewBox=\"0 0 1000 100\" preserveAspectRatio=\"none\">\n\t<path class=\"elementor-shape-fill\" d=\"M421.9,6.5c22.6-2.5,51.5,0.4,75.5,5.3c23.6,4.9,70.9,23.5,100.5,35.7c75.8,32.2,133.7,44.5,192.6,49.7\n\tc23.6,2.1,48.7,3.5,103.4-2.5c54.7-6,106.2-25.6,106.2-25.6V0H0v30.3c0,0,72,32.6,158.4,30.5c39.2-0.7,92.8-6.7,134-22.4\n\tc21.2-8.1,52.2-18.2,79.7-24.2C399.3,7.9,411.6,7.5,421.9,6.5z\"\/>\n<\/svg>\t\t<\/div>\n\t\t<div class=\"elementor-element elementor-element-d8bbb86 e-con-full e-flex e-con e-child\" data-id=\"d8bbb86\" data-element_type=\"container\" data-e-type=\"container\">\n\t\t\t\t<div class=\"elementor-element elementor-element-9350149 elementor-widget elementor-widget-heading\" data-id=\"9350149\" data-element_type=\"widget\" data-e-type=\"widget\" data-widget_type=\"heading.default\">\n\t\t\t\t<div class=\"elementor-widget-container\">\n\t\t\t\t\t<h3 class=\"elementor-heading-title elementor-size-default\">Dreft, une marque morale<\/h3>\t\t\t\t<\/div>\n\t\t\t\t<\/div>\n\t\t\t\t<div class=\"elementor-element elementor-element-dc02172 elementor-widget elementor-widget-text-editor\" data-id=\"dc02172\" data-element_type=\"widget\" data-e-type=\"widget\" data-widget_type=\"text-editor.default\">\n\t\t\t\t<div class=\"elementor-widget-container\">\n\t\t\t\t\t\t\t\t\t<p>Nous nous soucions de vos v\u00eatements, mais aussi des gens. Nous sommes une marque engag\u00e9e et responsable envers le monde qui l\u2019entoure.<\/p><p>En collaborant <strong>avec des organisations \u00e0 but non lucratif telles que Think Pink Europe,<\/strong> \u00e0 qui nous avons fait un don pour chaque flacon\/ bouteille vendu pour <strong>soutenir toutes les femmes qui luttent contre le cancer du sein<\/strong>; en faisant des dons \u00e0 des associations comme <strong>Mothers for Mothers<\/strong> via le don de sachets de Dreft Sensitive et Dreft Baby <strong>pour aider les m\u00e8res pendant et apr\u00e8s leur grossesse<\/strong>\u2026 ,nous sommes devenus une marque tr\u00e8s d\u00e9di\u00e9e \u00e0 prendre soin de ce qui compte le plus pour vous.<\/p>\t\t\t\t\t\t\t\t<\/div>\n\t\t\t\t<\/div>\n\t\t\t\t<\/div>\n\t\t<div class=\"elementor-element elementor-element-b3fd73f e-con-full e-flex e-con e-child\" data-id=\"b3fd73f\" data-element_type=\"container\" data-e-type=\"container\">\n\t\t\t\t<div class=\"elementor-element elementor-element-832bb5d elementor-widget elementor-widget-image\" data-id=\"832bb5d\" data-element_type=\"widget\" data-e-type=\"widget\" data-widget_type=\"image.default\">\n\t\t\t\t<div class=\"elementor-widget-container\">\n\t\t\t\t\t\t\t\t\t\t\t\t\t\t\t<img loading=\"lazy\" decoding=\"async\" width=\"507\" height=\"562\" src=\"https:\/\/dreftcare.com\/wp-content\/uploads\/2021\/03\/about_us_5.png\" class=\"attachment-large size-large wp-image-4883\" alt=\"\" srcset=\"https:\/\/dreftcare.com\/wp-content\/uploads\/2021\/03\/about_us_5.png 507w, https:\/\/dreftcare.com\/wp-content\/uploads\/2021\/03\/about_us_5-271x300.png 271w\" sizes=\"(max-width: 507px) 100vw, 507px\" \/>\t\t\t\t\t\t\t\t\t\t\t\t\t\t\t<\/div>\n\t\t\t\t<\/div>\n\t\t\t\t<\/div>\n\t\t\t\t\t<\/div>\n\t\t\t\t<\/div>\n\t\t\t\t<\/div>\n\t\t","protected":false},"excerpt":{"rendered":"<p>\u00c0 propos de Dreft Dreft s\u2019occupe de vos v\u00eatements,donc vous exprimez votre style en toute confiance Au sein de Dreft, [\u2026]<\/p>\n","protected":false},"author":1,"featured_media":0,"parent":0,"menu_order":0,"comment_status":"closed","ping_status":"closed","template":"","meta":{"_acf_changed":false,"footnotes":""},"class_list":["post-5380","page","type-page","status-publish","hentry"],"acf":[],"_links":{"self":[{"href":"https:\/\/dreftcare.com\/fr-be\/wp-json\/wp\/v2\/pages\/5380","targetHints":{"allow":["GET"]}}],"collection":[{"href":"https:\/\/dreftcare.com\/fr-be\/wp-json\/wp\/v2\/pages"}],"about":[{"href":"https:\/\/dreftcare.com\/fr-be\/wp-json\/wp\/v2\/types\/page"}],"author":[{"embeddable":true,"href":"https:\/\/dreftcare.com\/fr-be\/wp-json\/wp\/v2\/users\/1"}],"replies":[{"embeddable":true,"href":"https:\/\/dreftcare.com\/fr-be\/wp-json\/wp\/v2\/comments?post=5380"}],"version-history":[{"count":7,"href":"https:\/\/dreftcare.com\/fr-be\/wp-json\/wp\/v2\/pages\/5380\/revisions"}],"predecessor-version":[{"id":6361,"href":"https:\/\/dreftcare.com\/fr-be\/wp-json\/wp\/v2\/pages\/5380\/revisions\/6361"}],"wp:attachment":[{"href":"https:\/\/dreftcare.com\/fr-be\/wp-json\/wp\/v2\/media?parent=5380"}],"curies":[{"name":"wp","href":"https:\/\/api.w.org\/{rel}","templated":true}]}}