{"id":5406,"date":"2024-02-05T13:51:29","date_gmt":"2024-02-05T13:51:29","guid":{"rendered":"https:\/\/dreftcare.com\/conseils\/"},"modified":"2025-03-23T15:46:14","modified_gmt":"2025-03-23T15:46:14","slug":"conseils","status":"publish","type":"page","link":"https:\/\/dreftcare.com\/fr-be\/conseils\/","title":{"rendered":"Conseils"},"content":{"rendered":"\t\t<div data-elementor-type=\"wp-page\" data-elementor-id=\"5406\" class=\"elementor elementor-5406 elementor-4377\" data-elementor-post-type=\"page\">\n\t\t\t\t<div class=\"elementor-element elementor-element-14ba049 e-con-full e-flex e-con e-parent\" data-id=\"14ba049\" data-element_type=\"container\" data-e-type=\"container\" data-settings=\"{&quot;background_background&quot;:&quot;classic&quot;}\">\n\t\t<div class=\"elementor-element elementor-element-94279be e-flex e-con-boxed e-con e-child\" data-id=\"94279be\" data-element_type=\"container\" data-e-type=\"container\">\n\t\t\t\t\t<div class=\"e-con-inner\">\n\t\t\t\t\t<\/div>\n\t\t\t\t<\/div>\n\t\t\t\t<\/div>\n\t\t<div class=\"elementor-element elementor-element-78511b1 e-con-full e-flex e-con e-parent\" data-id=\"78511b1\" data-element_type=\"container\" data-e-type=\"container\" data-settings=\"{&quot;shape_divider_top&quot;:&quot;curve&quot;}\">\n\t\t\t\t<div class=\"elementor-shape elementor-shape-top\" aria-hidden=\"true\" data-negative=\"false\">\n\t\t\t<svg xmlns=\"http:\/\/www.w3.org\/2000\/svg\" viewBox=\"0 0 1000 100\" preserveAspectRatio=\"none\">\n    <path class=\"elementor-shape-fill\" d=\"M1000,4.3V0H0v4.3C0.9,23.1,126.7,99.2,500,100S1000,22.7,1000,4.3z\"\/>\n<\/svg>\t\t<\/div>\n\t\t<div class=\"elementor-element elementor-element-fdd4591 e-flex e-con-boxed e-con e-child\" data-id=\"fdd4591\" data-element_type=\"container\" data-e-type=\"container\">\n\t\t\t\t\t<div class=\"e-con-inner\">\n\t\t\t\t<div class=\"elementor-element elementor-element-263bc18 elementor-widget elementor-widget-wpl_elementor_repeater\" data-id=\"263bc18\" data-element_type=\"widget\" data-e-type=\"widget\" data-widget_type=\"wpl_elementor_repeater.default\">\n\t\t\t\t<div class=\"elementor-widget-container\">\n\t\t\t\t\t<div class=\"wpl-repeater wpl-repeater-count-13 wpl-repeater-count-impar wpl-repeater-lang-fr-be\" id=\"wpl-repeater-69ea322914be8\"><div class=\"tips tips-archive\" id=\"tips-archive\">\n    <div class=\"grid\">\n        <div class=\"grid-sizer\"><\/div><div class=\"grid-item tip tip-color-dark tip-size-t1\">\n    <a class=\"tip-link\" style=\"background-image: url(https:\/\/dreftcare.com\/wp-content\/uploads\/2022\/12\/how-to-wash-and-soften-your-beach-towels.jpeg)\" href=\"https:\/\/dreftcare.com\/fr-be\/tips\/comment-laver-les-pulls-et-les-couvertures\/\">\n        <div class=\"tip-title\">\n            <h3 class=\"tip-title-tag\">Comment laver les pulls et les couvertures<\/h3>\n        <\/div>\n        <div class=\"tip-excerpt\">Lavage des v\u00eatements d&rsquo;hiver en laine ou en tissus d\u00e9licats &nbsp; Les v\u00eatements d&rsquo;hiver sont particuliers et d\u00e9licats, vous devez [\u2026]<\/div>\n        <div class=\"tip-terms\">%terms:post_tag%<\/div>\n    <\/a>\n<\/div><div class=\"grid-item tip tip-color-dark tip-size-t1\">\n    <a class=\"tip-link\" style=\"background-image: url(https:\/\/dreftcare.com\/wp-content\/uploads\/2022\/12\/washing-backpacks-jackets-bags-dreft.png)\" href=\"https:\/\/dreftcare.com\/fr-be\/tips\/lavage-des-sacs-a-dos-vestes-sacs\/\">\n        <div class=\"tip-title\">\n            <h3 class=\"tip-title-tag\">Lavage des sacs \u00e0 dos, vestes, sacs\u2026<\/h3>\n        <\/div>\n        <div class=\"tip-excerpt\">LAVER LA VESTE DE L\u2019\u00c9COLE POUR QU\u2019ELLE SOIT COMME NEUVE\u202f! La rentr\u00e9e des classes s\u2019accompagne d\u2019un\u00a0changement de rythme dans notre [\u2026]<\/div>\n        <div class=\"tip-terms\">%terms:post_tag%<\/div>\n    <\/a>\n<\/div><div class=\"grid-item tip tip-color-dark tip-size-t1\">\n    <a class=\"tip-link\" style=\"background-image: url(https:\/\/dreftcare.com\/wp-content\/uploads\/2022\/12\/caring-for-baby-clothes.jpeg)\" href=\"https:\/\/dreftcare.com\/fr-be\/tips\/entretien-des-vetements-de-bebe\/\">\n        <div class=\"tip-title\">\n            <h3 class=\"tip-title-tag\">Entretien des v\u00eatements de b\u00e9b\u00e9<\/h3>\n        <\/div>\n        <div class=\"tip-excerpt\">5\u202fCONSEILS + 1\u202fASTUCE POUR PRENDRE SOIN DES V\u00caTEMENTS DE B\u00c9B\u00c9 Rien n\u2019est aussi d\u00e9licat et ne m\u00e9rite autant de soins [\u2026]<\/div>\n        <div class=\"tip-terms\">%terms:post_tag%<\/div>\n    <\/a>\n<\/div><div class=\"grid-item tip tip-color-dark tip-size-t1\">\n    <a class=\"tip-link\" style=\"background-image: url(https:\/\/dreftcare.com\/wp-content\/uploads\/2022\/12\/drying-your-clothes-in-the-sun-how-to-prevent-clothes-from-fading.jpeg)\" href=\"https:\/\/dreftcare.com\/fr-be\/tips\/faire-secher-vos-vetements-au-soleil-comment-empecher-la-decoloration-des-vetements\/\">\n        <div class=\"tip-title\">\n            <h3 class=\"tip-title-tag\">Faire s\u00e9cher vos v\u00eatements au soleil\u202f: comment emp\u00eacher la d\u00e9coloration des v\u00eatements<\/h3>\n        <\/div>\n        <div class=\"tip-excerpt\">S\u00c9CHAGE DES V\u00caTEMENTS AU SOLEIL, OUI OU NON\u202f? Les temp\u00e9ratures \u00e9lev\u00e9es \u00e0 cette \u00e9poque de l\u2019ann\u00e9e et le cadeau presque [\u2026]<\/div>\n        <div class=\"tip-terms\">%terms:post_tag%<\/div>\n    <\/a>\n<\/div><div class=\"grid-item tip tip-color-light tip-size-t1\">\n    <a class=\"tip-link\" style=\"background-image: url(https:\/\/dreftcare.com\/wp-content\/uploads\/2022\/06\/BLOG_DREFT.jpg)\" href=\"https:\/\/dreftcare.com\/fr-be\/tips\/comment-laver-et-assouplir-vos-serviettes-de-plage-ou-votre-linge-de-plage-et-de-piscine-en-general\/\">\n        <div class=\"tip-title\">\n            <h3 class=\"tip-title-tag\">Comment laver et assouplir vos serviettes de plage (ou votre linge de plage et de piscine en g\u00e9n\u00e9ral)<\/h3>\n        <\/div>\n        <div class=\"tip-excerpt\">COMMENT LAVER VOS SERVIETTES ET MAILLOTS DE BAIN ? \u00c7a y est, les premiers rayons de soleil et beaux jours [\u2026]<\/div>\n        <div class=\"tip-terms\">%terms:post_tag%<\/div>\n    <\/a>\n<\/div><div class=\"grid-item tip tip-color-light tip-size-t1\">\n    <a class=\"tip-link\" style=\"background-image: url(https:\/\/dreftcare.com\/wp-content\/uploads\/2022\/05\/BLOG2_DREFT_V2.jpg)\" href=\"https:\/\/dreftcare.com\/fr-be\/tips\/conservez-la-couleur-de-vos-vetements\/\">\n        <div class=\"tip-title\">\n            <h3 class=\"tip-title-tag\">Conservez la couleur de vos v\u00eatements<\/h3>\n        <\/div>\n        <div class=\"tip-excerpt\">COMMENT LAVER LES V\u00caTEMENTS NOIRS ET DE COULEUR POUR QU\u2019ILS NE D\u00c9TEIGNENT PAS Vous \u00eates en train de changer les [\u2026]<\/div>\n        <div class=\"tip-terms\">%terms:post_tag%<\/div>\n    <\/a>\n<\/div><div class=\"grid-item tip tip-color-light tip-size-t3\">\n    <a class=\"tip-link\" style=\"background-image: url(https:\/\/dreftcare.com\/wp-content\/uploads\/2022\/04\/young-beautiful-woman-looking-trendy-girl-casual-summer-clothes-positive-funny-model-winking-scaled-1.jpg)\" href=\"https:\/\/dreftcare.com\/fr-be\/tips\/comment-laver-son-linge-en-tissus-legers-lin-coton-ou-soie\/\">\n        <div class=\"tip-title\">\n            <h3 class=\"tip-title-tag\">Comment laver son linge en tissus l\u00e9gers: lin, coton ou soie?<\/h3>\n        <\/div>\n        <div class=\"tip-excerpt\">\u00c0 l\u2019arriv\u00e9e des beaux jours, vous avez envie de sortir, non ? C\u2019est normal ! Le soleil, la chaleur, la [\u2026]<\/div>\n        <div class=\"tip-terms\">%terms:post_tag%<\/div>\n    <\/a>\n<\/div><div class=\"grid-item tip tip-color-light tip-size-t3\">\n    <a class=\"tip-link\" style=\"background-image: url(https:\/\/dreftcare.com\/wp-content\/uploads\/2021\/05\/consejo-detergente-oscuro-2.jpeg)\" href=\"https:\/\/dreftcare.com\/fr-be\/tips\/alors-que-le-noir-reste-noir\/\">\n        <div class=\"tip-title\">\n            <h3 class=\"tip-title-tag\">Alors que le noir reste noir<\/h3>\n        <\/div>\n        <div class=\"tip-excerpt\">Le pantalon noir que vous aimez tant est d\u00e9sormais gris ? Cette chemise n\u2019a plus la m\u00eame brillance? Au fil [\u2026]<\/div>\n        <div class=\"tip-terms\"><span class=\"term\">V\u00eatements fonc\u00e9s<\/span><span class=\"term\">V\u00eatements noirs<\/span><\/div>\n    <\/a>\n<\/div><div class=\"grid-item tip tip-color-dark tip-size-t2\">\n    <a class=\"tip-link\" style=\"background-image: url(https:\/\/dreftcare.com\/wp-content\/uploads\/2021\/06\/cuidar-medioambiente-ropa-1-1.png)\" href=\"https:\/\/dreftcare.com\/fr-be\/tips\/ma-lessive-peut-elle-prendre-soin-de-lenvironnement-et-avoir-un-parfum-intense\/\">\n        <div class=\"tip-title\">\n            <h3 class=\"tip-title-tag\">Ma lessive peut-elle prendre soin de l\u2019environnement et avoir un parfum intense?<\/h3>\n        <\/div>\n        <div class=\"tip-excerpt\">La protection de l\u2019environnement est essentielle aujourd\u2019hui. Nous vivons dans une soci\u00e9t\u00e9 de plus en plus engag\u00e9e dans cette cause.\u00a0Prendre [\u2026]<\/div>\n        <div class=\"tip-terms\"><span class=\"term\">\u00e9cologique<\/span><\/div>\n    <\/a>\n<\/div><div class=\"grid-item tip tip-color-light tip-size-t1\">\n    <a class=\"tip-link\" style=\"background-image: url(https:\/\/dreftcare.com\/wp-content\/uploads\/2021\/06\/ropa-delicada.png)\" href=\"https:\/\/dreftcare.com\/fr-be\/tips\/votre-delicat-vetement-de-laine-merite-des-soins-particuliers\/\">\n        <div class=\"tip-title\">\n            <h3 class=\"tip-title-tag\">Votre d\u00e9licat v\u00eatement de laine m\u00e9rite des soins particuliers<\/h3>\n        <\/div>\n        <div class=\"tip-excerpt\">On sait que quand il est temps de laver ce pull en laine, vous avez peur. Peur qu\u2019il se ruine [\u2026]<\/div>\n        <div class=\"tip-terms\"><span class=\"term\">D\u00e9licat et Laine<\/span><span class=\"term\">Lavage quotidien<\/span><\/div>\n    <\/a>\n<\/div><div class=\"grid-item tip tip-color-dark tip-size-t1\">\n    <a class=\"tip-link\" style=\"background-image: url(https:\/\/dreftcare.com\/wp-content\/uploads\/2021\/05\/pieles-sensibles-1-1.jpeg)\" href=\"https:\/\/dreftcare.com\/fr-be\/tips\/les-peaux-sensibles-ont-aussi-leur-detergent\/\">\n        <div class=\"tip-title\">\n            <h3 class=\"tip-title-tag\">Les peaux sensibles ont aussi leur d\u00e9tergent<\/h3>\n        <\/div>\n        <div class=\"tip-excerpt\">Avoir\u00a0la peau sensible\u00a0est quelque chose qui est plus commun tous les jours. Parfois, apr\u00e8s s\u2019\u00eatre habill\u00e9, nous pouvons ressentir des [\u2026]<\/div>\n        <div class=\"tip-terms\"><span class=\"term\">Lavage quotidien<\/span><span class=\"term\">Sensible<\/span><\/div>\n    <\/a>\n<\/div><div class=\"grid-item tip tip-color-light tip-size-t2\">\n    <a class=\"tip-link\" style=\"background-image: url(https:\/\/dreftcare.com\/wp-content\/uploads\/2021\/05\/all-in-1-1.jpeg)\" href=\"https:\/\/dreftcare.com\/fr-be\/tips\/comment-garder-vos-vetements-comme-le-premier-jour\/\">\n        <div class=\"tip-title\">\n            <h3 class=\"tip-title-tag\">Comment garder vos v\u00eatements comme le premier jour<\/h3>\n        <\/div>\n        <div class=\"tip-excerpt\">Nous aimons tous que nos v\u00eatements soient toujours comme quand nous les achetons pour la premi\u00e8re fois. Pour prolonger cette [\u2026]<\/div>\n        <div class=\"tip-terms\"><span class=\"term\">Lavage quotidien<\/span><\/div>\n    <\/a>\n<\/div><div class=\"grid-item tip tip-color-light tip-size-t3\">\n    <a class=\"tip-link\" style=\"background-image: url(https:\/\/dreftcare.com\/wp-content\/uploads\/2021\/06\/all-in-1-2-1.png)\" href=\"https:\/\/dreftcare.com\/fr-be\/tips\/le-tout-en-un-que-nous-attendions\/\">\n        <div class=\"tip-title\">\n            <h3 class=\"tip-title-tag\">Le \u00ab tout-en-un \u00bb que nous attendions<\/h3>\n        <\/div>\n        <div class=\"tip-excerpt\">Au 21e si\u00e8cle, nous sommes entour\u00e9s de produits qui r\u00e9pondent \u00e0 tant de nos besoins quotidiens. Et dans le monde [\u2026]<\/div>\n        <div class=\"tip-terms\"><span class=\"term\">Lavage quotidien<\/span><\/div>\n    <\/a>\n<\/div>    <\/div>\n    <nav class=\"view-more\">\n        <button class=\"view-more-button\" id=\"view_more_tips\">Voir plus de conseils<\/button>\n    <\/nav>\n<\/div><\/div>\t\t\t\t<\/div>\n\t\t\t\t<\/div>\n\t\t\t\t\t<\/div>\n\t\t\t\t<\/div>\n\t\t\t\t<\/div>\n\t\t\t\t<\/div>\n\t\t","protected":false},"excerpt":{"rendered":"<p>Lavage des sacs \u00e0 dos, vestes, sacs\u2026 LAVER LA VESTE DE L\u2019\u00c9COLE POUR QU\u2019ELLE SOIT COMME NEUVE\u202f! La rentr\u00e9e des [\u2026]<\/p>\n","protected":false},"author":1,"featured_media":0,"parent":0,"menu_order":0,"comment_status":"closed","ping_status":"closed","template":"","meta":{"_acf_changed":false,"footnotes":""},"class_list":["post-5406","page","type-page","status-publish","hentry"],"acf":[],"_links":{"self":[{"href":"https:\/\/dreftcare.com\/fr-be\/wp-json\/wp\/v2\/pages\/5406","targetHints":{"allow":["GET"]}}],"collection":[{"href":"https:\/\/dreftcare.com\/fr-be\/wp-json\/wp\/v2\/pages"}],"about":[{"href":"https:\/\/dreftcare.com\/fr-be\/wp-json\/wp\/v2\/types\/page"}],"author":[{"embeddable":true,"href":"https:\/\/dreftcare.com\/fr-be\/wp-json\/wp\/v2\/users\/1"}],"replies":[{"embeddable":true,"href":"https:\/\/dreftcare.com\/fr-be\/wp-json\/wp\/v2\/comments?post=5406"}],"version-history":[{"count":26,"href":"https:\/\/dreftcare.com\/fr-be\/wp-json\/wp\/v2\/pages\/5406\/revisions"}],"predecessor-version":[{"id":6110,"href":"https:\/\/dreftcare.com\/fr-be\/wp-json\/wp\/v2\/pages\/5406\/revisions\/6110"}],"wp:attachment":[{"href":"https:\/\/dreftcare.com\/fr-be\/wp-json\/wp\/v2\/media?parent=5406"}],"curies":[{"name":"wp","href":"https:\/\/api.w.org\/{rel}","templated":true}]}}